{"id":48,"date":"2017-08-17T10:01:00","date_gmt":"2017-08-17T10:01:00","guid":{"rendered":"http:\/\/galbanatuldenord.ro\/?page_id=48"},"modified":"2018-10-04T14:36:34","modified_gmt":"2018-10-04T11:36:34","slug":"parteneri","status":"publish","type":"page","link":"https:\/\/galbanatuldenord.ro\/ex1\/parteneri\/","title":{"rendered":"Parteneri"},"content":{"rendered":"\t\t<div data-elementor-type=\"wp-post\" data-elementor-id=\"48\" class=\"elementor elementor-48 elementor-bc-flex-widget\" data-elementor-post-type=\"page\">\n\t\t\t\t\t\t<section class=\"elementor-section elementor-top-section elementor-element elementor-element-1fyff88 elementor-section-boxed elementor-section-height-default elementor-section-height-default\" data-id=\"1fyff88\" data-element_type=\"section\">\n\t\t\t\t\t\t<div class=\"elementor-container elementor-column-gap-default\">\n\t\t\t\t\t<div class=\"elementor-column elementor-col-100 elementor-top-column elementor-element elementor-element-37xn1on\" data-id=\"37xn1on\" data-element_type=\"column\">\n\t\t\t<div class=\"elementor-widget-wrap elementor-element-populated\">\n\t\t\t\t\t\t<div class=\"elementor-element elementor-element-fvzoq6o elementor-widget elementor-widget-text-editor\" data-id=\"fvzoq6o\" data-element_type=\"widget\" data-widget_type=\"text-editor.default\">\n\t\t\t\t<div class=\"elementor-widget-container\">\n\t\t\t\t\t\t\t<p>Parteneriatul teritoriului Banatul de Nord cuprinde 33 de parteneri, dintre care 8 parteneri publici.\u00a0<\/p>\t\t\t\t\t\t<\/div>\n\t\t\t\t<\/div>\n\t\t\t\t<div class=\"elementor-element elementor-element-pjrv1ob elementor-widget elementor-widget-heading\" data-id=\"pjrv1ob\" data-element_type=\"widget\" data-widget_type=\"heading.default\">\n\t\t\t\t<div class=\"elementor-widget-container\">\n\t\t\t<h4 class=\"elementor-heading-title elementor-size-default\">PARTENERI PUBLICI<\/h4>\t\t<\/div>\n\t\t\t\t<\/div>\n\t\t\t\t<div class=\"elementor-element elementor-element-4ifqe9b elementor-widget elementor-widget-text-editor\" data-id=\"4ifqe9b\" data-element_type=\"widget\" data-widget_type=\"text-editor.default\">\n\t\t\t\t<div class=\"elementor-widget-container\">\n\t\t\t\t\t\t\t<table class=\"alignleft\" border=\"\u201d1px\" width=\"100%;\"><tbody><tr><td width=\"73\">\u00a0<span style=\"color: #1072ba;\"><strong>Nr. Crt.<\/strong><\/span><\/td><td width=\"229\"><span style=\"color: #1072ba;\"><strong>\u00a0DENUMIRE PARTENER<\/strong><\/span><\/td><td width=\"309\"><span style=\"color: #1072ba;\"><strong>\u00a0SEDIUL SOCIAL\/SEDIUL SECUNDAR\/PUNCT DE \u00a0LUCRU\/SUCURSAL\u0102\/FILIAL\u0102(LOCALITATE)<\/strong><\/span><\/td><td width=\"169\"><span style=\"color: #1072ba;\"><strong>\u00a0OBIECT DE ACTIVITATE<\/strong><\/span><\/td><\/tr><tr><td>\u00a01<\/td><td>\u00a0COMUNA BARA<\/td><td>\u00a0LOCALITATEA BARA<\/td><td>\u00a0UAT<\/td><\/tr><tr><td>\u00a02<\/td><td>\u00a0COMUNA BELIN\u021a<\/td><td>\u00a0LOCALITATEA BELIN\u021a<\/td><td>\u00a0UAT<\/td><\/tr><tr><td>\u00a03<\/td><td>\u00a0COMUNA BOLDUR<\/td><td>\u00a0LOCALITATEA BOLDUR<\/td><td>\u00a0UAT<\/td><\/tr><tr><td>\u00a04<\/td><td>\u00a0COMUNA CO\u0218TEIU<\/td><td>\u00a0LOCALITATEA CO\u0218TEIU<\/td><td>\u00a0UAT<\/td><\/tr><tr><td>\u00a05<\/td><td>\u00a0COMUNA GHIZELA<\/td><td>\u00a0LOCALITATEA GHIZELA<\/td><td>\u00a0UAT<\/td><\/tr><tr><td>\u00a06<\/td><td>\u00a0COMUNA OHABA-LUNG\u0102<\/td><td>\u00a0LOCALITATEA OHABA LUNG\u0102<\/td><td>\u00a0UAT<\/td><\/tr><tr><td>\u00a07<\/td><td>\u00a0COMUNA TOPOLOV\u0102\u021aU MARE<\/td><td>\u00a0LOCALITATEA TOPOLOV\u0102\u021aUL MARE<\/td><td>\u00a0UAT<\/td><\/tr><tr><td>\u00a08<\/td><td>\u00a0COMUNA RACOVI\u021aA<\/td><td>\u00a0LOCALITATEA RACOVI\u021aA<\/td><td><p>\u00a0UAT<\/p><\/td><\/tr><\/tbody><\/table>\t\t\t\t\t\t<\/div>\n\t\t\t\t<\/div>\n\t\t\t\t<div class=\"elementor-element elementor-element-47txed0 elementor-widget elementor-widget-text-editor\" data-id=\"47txed0\" data-element_type=\"widget\" data-widget_type=\"text-editor.default\">\n\t\t\t\t<div class=\"elementor-widget-container\">\n\t\t\t\t\t\t\t<p>PONDEREA PARTENERILOR PUBLICI DIN TOTAL PARTENERIAT 24,24%.<\/p>\t\t\t\t\t\t<\/div>\n\t\t\t\t<\/div>\n\t\t\t\t\t<\/div>\n\t\t<\/div>\n\t\t\t\t\t<\/div>\n\t\t<\/section>\n\t\t\t\t<section class=\"elementor-section elementor-top-section elementor-element elementor-element-42i3jg4 elementor-section-boxed elementor-section-height-default elementor-section-height-default\" data-id=\"42i3jg4\" data-element_type=\"section\">\n\t\t\t\t\t\t<div class=\"elementor-container elementor-column-gap-default\">\n\t\t\t\t\t<div class=\"elementor-column elementor-col-100 elementor-top-column elementor-element elementor-element-171zzc6\" data-id=\"171zzc6\" data-element_type=\"column\">\n\t\t\t<div class=\"elementor-widget-wrap elementor-element-populated\">\n\t\t\t\t\t\t<div class=\"elementor-element elementor-element-o0ifaem elementor-widget elementor-widget-heading\" data-id=\"o0ifaem\" data-element_type=\"widget\" data-widget_type=\"heading.default\">\n\t\t\t\t<div class=\"elementor-widget-container\">\n\t\t\t<h4 class=\"elementor-heading-title elementor-size-default\">PARTENERI PRIVA\u021aI (inclusiv parteneriat \u00eentr-un domeniu relevant constituit juridic \u00eenainte de lansarea apelului de selec\u021bie)<\/h4>\t\t<\/div>\n\t\t\t\t<\/div>\n\t\t\t\t<div class=\"elementor-element elementor-element-2sfvcxs elementor-widget elementor-widget-text-editor\" data-id=\"2sfvcxs\" data-element_type=\"widget\" data-widget_type=\"text-editor.default\">\n\t\t\t\t<div class=\"elementor-widget-container\">\n\t\t\t\t\t\t\t<table border=\"1px solid #000000\" width=\"100%\"><tbody><tr><td width=\"73\"><span style=\"color: #1072ba;\">\u00a0<strong>Nr. Crt.<\/strong><\/span><\/td><td width=\"229\"><span style=\"color: #1072ba;\"><strong>DENUMIRE PARTENER<\/strong><\/span><\/td><td width=\"380\"><span style=\"color: #1072ba;\"><strong>SEDIUL SOCIAL\/SEDIUL SECUNDAR\/PUNCT DE LUCRU\/SUCURSAL\u0102\/FILIAL\u0102(LOCALITATE)<\/strong><\/span><\/td><td width=\"293\"><span style=\"color: #1072ba;\"><strong>\u00a0OBIECT DE ACTIVITATE<\/strong><\/span><\/td><\/tr><tr><td>\u00a01<\/td><td>\u00a0SC TOP AGREGATE SRL<\/td><td>\u00a0LOCALITATEA TIMI\u0218OARA<\/td><td width=\"293\">\u00a0COMER\u021a CU RIDICATA AL MATERIALULUI LEMNOS \u0218I AL \u00a0MATERIALELOR DE CONSTRUC\u021aII \u0218I ECHIPAMENTE \u00a0SANITARE<\/td><\/tr><tr><td>\u00a02<\/td><td>\u00a0SC INFRAGIS SRL<\/td><td>\u00a0LOCALITATEA TIMI\u0218OARA<\/td><td width=\"293\">ACTIVIT\u0102\u021aI DE INGINERIE \u0218I CONSULTAN\u021a\u0102 TEHNIC\u0102 LEGATE DE ACESTEA<\/td><\/tr><tr><td>\u00a03<\/td><td>\u00a0PFA TOADER IULIAN<\/td><td>\u00a0<\/td><td>\u00a0<\/td><\/tr><tr><td>\u00a04<\/td><td>\u00a0IF LAZA CLAUDIA MARIA<\/td><td>\u00a0LOCALITATEA CHIZ\u0102T\u0102U, COMUNA BELIN\u021a<\/td><td width=\"293\">CULTIVAREA CEREALELOR, PLANTELOR LEGUMINOASE \u0218I A PLANTELOR PRODUC\u0102TOARE DE SEMIN\u021aE OLEAGINOASE<\/td><\/tr><tr><td>\u00a05<\/td><td>\u00a0SC DORCRISER SRL<\/td><td>\u00a0LOCALITATEA TOPOLOV\u0102\u021aUL MARE<\/td><td width=\"293\">COMER\u021a CU AM\u0102NUNTUL \u00ceN MAGAZINE NESPECIALIZATE CU V\u00c2NZARE PREDOMINANT\u0102 DE PRODUSE ALIMENTARE, B\u0102UTURI \u0218I TUTUN<\/td><\/tr><tr><td>\u00a06<\/td><td>\u00a0II BLOJU CRISTIAN GABRIEL<\/td><td>\u00a0LOCALITATEA OHABA-FORGACI, COMUNA BOLDUR<\/td><td width=\"293\">CULTIVAREA CEREALELOR, PLANTELOR LEGUMINOASE \u0218I A PLANTELOR PRODUC\u0102TOARE DE SEMIN\u021aE OLEAGINOASE<\/td><\/tr><tr><td>\u00a07<\/td><td>\u00a0SC CEDRUS SRL<\/td><td>\u00a0LOCALITATEA OHABA-FORGACI, COMUNA BOLDUR<\/td><td width=\"293\">CULTIVAREA CEREALELOR, PLANTELOR LEGUMINOASE \u0218I A PLANTELOR PRODUC\u0102TOARE DE SEMIN\u021aE OLEAGINOASE<\/td><\/tr><tr><td>\u00a08<\/td><td>\u00a0SC\u00a0 L&amp;J INTERNA\u021aIONAL SRL<\/td><td>\u00a0LOCALITATEA OHABA-FORGACI, COMUNA BOLDUR<\/td><td width=\"293\">COMER\u021a CU AM\u0102NUNTUL \u00ceN MAGAZINE NESPECIALIZATE CU V\u00c2NZARE PREDOMINANT\u0102 DE PRODUSE ALIMENTARE, B\u0102UTURI \u0218I TUTUN<\/td><\/tr><tr><td>\u00a09<\/td><td>\u00a0SC AGRO BRANCU SRL<\/td><td>\u00a0LOCALITATEA OHABA-FORGACI, COMUNA BOLDUR<\/td><td width=\"293\">CULTIVAREA CEREALELOR, PLANTELOR LEGUMINOASE \u0218I A PLANTELOR PRODUC\u0102TOARE DE SEMIN\u021aE OLEAGINOASE<\/td><\/tr><tr><td>\u00a010<\/td><td>\u00a0SC IONVIO AGRO SRL<\/td><td>\u00a0LOCALITATEA OHABA-FORGACI, COMUNA BOLDUR<\/td><td width=\"293\">CULTIVAREA CEREALELOR, PLANTELOR LEGUMINOASE \u0218I A PLANTELOR PRODUC\u0102TOARE DE SEMIN\u021aE OLEAGINOASE<\/td><\/tr><tr><td>\u00a011<\/td><td>\u00a0SC IOVI AGRO PREST SERV SRL<\/td><td>\u00a0LOCALITATEA OHABA-FORGACI, COMUNA BOLDUR<\/td><td width=\"293\">TRATAREA \u0218I ELIMINAREA DE\u0218EURILOR NEPERICULOASE<\/td><\/tr><tr><td>\u00a012<\/td><td>\u00a0SC GHE\u021aA SRL<\/td><td>\u00a0LOCALITATEA SINERSIG, COMUNA BOLDUR<\/td><td width=\"293\">CRE\u0218TEREA BOVINELOR DE LAPTE<\/td><\/tr><tr><td>\u00a013<\/td><td>\u00a0SC IBESOMAR SRL-D<\/td><td>\u00a0LOCALITATEA CO\u0218TEIU<\/td><td width=\"293\">COMER\u021a CU AM\u0102NUNTUL \u00ceN MAGAZINE NESPECIALIZATE CU V\u00c2NZARE PREDOMINANT\u0102 DE PRODUSE ALIMENTARE, B\u0102UTURI \u0218I TUTUN<\/td><\/tr><tr><td>\u00a014<\/td><td>\u00a0SC ABC RANYSTAR SRL<\/td><td>\u00a0LOCALITATEA CO\u0218TEIU<\/td><td width=\"293\">COMER\u021a CU AM\u0102NUNTUL \u00ceN MAGAZINE NESPECIALIZATE CU V\u00c2NZARE PREDOMINANT\u0102 DE PRODUSE ALIMENTARE, B\u0102UTURI \u0218I TUTUN<\/td><\/tr><tr><td>\u00a015<\/td><td>\u00a0SC MINU&amp;MINA<\/td><td>\u00a0LOCALITATEA CO\u0218TEIU<\/td><td width=\"293\">COMER\u021a CU AM\u0102NUNTUL \u00ceN MAGAZINE NESPECIALIZATE CU V\u00c2NZARE PREDOMINANT\u0102 DE PRODUSE ALIMENTARE, B\u0102UTURI \u0218I TUTUN<\/td><\/tr><tr><td>\u00a016<\/td><td>\u00a0SC IMPERIAL BUS SRL-D<\/td><td>\u00a0LOCALITATEA CO\u0218TEIU<\/td><td width=\"293\">ALTE TRANSPORTURI TERESTRE DE C\u0102L\u0102TORI<\/td><\/tr><tr><td>\u00a017<\/td><td>\u00a0SC CONSIONA KAR SRL<\/td><td>\u00a0LOCALITATEA CO\u0218TEIU<\/td><td width=\"293\">ALTE TRANSPORTURI TERESTRE DE C\u0102L\u0102TORI<\/td><\/tr><tr><td>\u00a018<\/td><td>\u00a0SC CIPO DRAGOMIR SRL<\/td><td>\u00a0LOCALITATEA LUGOJ<\/td><td width=\"293\">COMER\u021a CU RIDICATA AL FRUCTELOR \u0218I LEGUMELOR<\/td><\/tr><\/tbody><\/table>\t\t\t\t\t\t<\/div>\n\t\t\t\t<\/div>\n\t\t\t\t<div class=\"elementor-element elementor-element-oz9hgim elementor-widget elementor-widget-text-editor\" data-id=\"oz9hgim\" data-element_type=\"widget\" data-widget_type=\"text-editor.default\">\n\t\t\t\t<div class=\"elementor-widget-container\">\n\t\t\t\t\t\t\t<p>PONDEREA PARTENERILOR PRIVA\u021aI DIN TOTAL PARTENERIAT 54,55%.<\/p>\t\t\t\t\t\t<\/div>\n\t\t\t\t<\/div>\n\t\t\t\t\t<\/div>\n\t\t<\/div>\n\t\t\t\t\t<\/div>\n\t\t<\/section>\n\t\t\t\t<section class=\"elementor-section elementor-top-section elementor-element elementor-element-gmz8luh elementor-section-boxed elementor-section-height-default elementor-section-height-default\" data-id=\"gmz8luh\" data-element_type=\"section\">\n\t\t\t\t\t\t<div class=\"elementor-container elementor-column-gap-default\">\n\t\t\t\t\t<div class=\"elementor-column elementor-col-100 elementor-top-column elementor-element elementor-element-kxqg61u\" data-id=\"kxqg61u\" data-element_type=\"column\">\n\t\t\t<div class=\"elementor-widget-wrap elementor-element-populated\">\n\t\t\t\t\t\t<div class=\"elementor-element elementor-element-xdqr77i elementor-widget elementor-widget-heading\" data-id=\"xdqr77i\" data-element_type=\"widget\" data-widget_type=\"heading.default\">\n\t\t\t\t<div class=\"elementor-widget-container\">\n\t\t\t<h4 class=\"elementor-heading-title elementor-size-default\">PARTENERI SOCIETATE CIVIL\u0102 (ONG)<\/h4>\t\t<\/div>\n\t\t\t\t<\/div>\n\t\t\t\t<div class=\"elementor-element elementor-element-a8thiol elementor-widget elementor-widget-text-editor\" data-id=\"a8thiol\" data-element_type=\"widget\" data-widget_type=\"text-editor.default\">\n\t\t\t\t<div class=\"elementor-widget-container\">\n\t\t\t\t\t\t\t<table border=\"1px solid #000000\" width=\"100%\"><tbody><tr><td width=\"73\"><strong>\u00a0<span style=\"color: #1072ba;\">Nr. Crt.<\/span><\/strong><\/td><td width=\"285\"><span style=\"color: #1072ba;\"><strong>\u00a0DENUMIRE PARTENER<\/strong><\/span><\/td><td width=\"380\"><span style=\"color: #1072ba;\"><strong>\u00a0SEDIUL SOCIAL\/SEDIUL SECUNDAR\/PUNCT DE \u00a0 \u00a0LUCRU\/SUCURSAL\u0102\/FILIAL\u0102(LOCALITATE)<\/strong><\/span><\/td><td width=\"293\"><span style=\"color: #1072ba;\"><strong>\u00a0OBIECT DE ACTIVITATE<\/strong><\/span><\/td><\/tr><tr><td>\u00a01<\/td><td>\u00a0FUNDA\u021aIA TEOFANIA<\/td><td>\u00a0LOCALITATEA ARAD<\/td><td width=\"293\">SPRIJINIREA COPIILOR ORFANI, B\u0102TR\u00c2NILOR S\u0102RACI, MAME V\u0102DUVE, FAMILII S\u0102RACE<\/td><\/tr><tr><td>\u00a02<\/td><td>\u00a0ASOCIA\u021aIA BUCURIA COPIILOR<\/td><td>\u00a0LOCALITATEA TIMI\u0218OARA<\/td><td width=\"293\">SPRIJINIREA PERSOANELOR AFLATE \u00ceN NEVOI (FEMEI, B\u0102TR\u00c2NI, COPII, FAMILII CU MAI MUL\u021aI COPII, TINERI C\u0102S\u0102TORI\u021aI) \u0218I DE A CONTRIBUI LA \u00ceMPLINIREA NEVOILOR SPIRITUALE, CULTURAL-EDUCATIVE AL PERSOANELOR \u0218I COMUNIT\u0102\u021aII PROMOV\u00c2ND VALORILE ETNICE, MORALE \u0218I SPIRITUALE<\/td><\/tr><tr><td>\u00a03<\/td><td width=\"285\">\u00a0ASOCIA\u021aIA CLUB SPORTIV DE ECHITA\u021aIE LAUREN\u021aIU \u00a0COVACI<\/td><td>\u00a0LOCALITATEA TIMI\u0218OARA<\/td><td width=\"293\">POPULARIZAREA \u0218I PROMOVAREA ECHITA\u021aIEI<\/td><\/tr><tr><td>\u00a04<\/td><td width=\"285\">\u00a0ASOCIA\u021aIA CULTURAL UMANITAR\u0102 HORA BELIN\u021aULUI<\/td><td>\u00a0LOCALITATEA BELIN\u021a<\/td><td width=\"293\">SPRIJINIREA COPIILOR ORFANI, B\u0102TR\u00c2NILOR S\u0102RACI, MAME V\u0102DUVE, FAMILII S\u0102RACE<\/td><\/tr><tr><td>\u00a05<\/td><td width=\"285\">\u00a0GRUPUL DE \u00a0PRODUC\u0102TORI BIOSOL CO\u0218TEIU<\/td><td>\u00a0LOCALITATEA CO\u0218TEIU<\/td><td width=\"293\">CULTIVAREA CEREALELOR, PLANTELOR LEGUMINOASE \u0218I A PLANTELOR PRODUC\u0102TOARE DE SEMIN\u021aE OLEAGINOASE<\/td><\/tr><tr><td>\u00a06<\/td><td>\u00a0ASOCIA\u021aIA SPORTIV\u0102 CO\u0218TEIU<\/td><td>\u00a0LOCALITATEA CO\u0218TEIU<\/td><td width=\"293\">PERFORMAN\u021aA, SELEC\u021aIA, PREG\u0102TIREA \u0218I PARTICIPAREA LA COMPETI\u021aIILE SPORTIVE<\/td><\/tr><tr><td>\u00a07<\/td><td width=\"285\">\u00a0ASOCIA\u021aIA GROF SZAPARY PETER TARSAKOR<\/td><td>\u00a0LOCALITATEA \u021aIPARI, COMUNA CO\u0218TEIU<\/td><td width=\"293\">SPRIJINIREA PERSOANELOR AFLATE \u00ceN NEVOI \u00ceN SPECIAL A MINORIT\u0102\u021aILOR ETNICE<\/td><\/tr><\/tbody><\/table>\t\t\t\t\t\t<\/div>\n\t\t\t\t<\/div>\n\t\t\t\t<div class=\"elementor-element elementor-element-obpev6r elementor-widget elementor-widget-text-editor\" data-id=\"obpev6r\" data-element_type=\"widget\" data-widget_type=\"text-editor.default\">\n\t\t\t\t<div class=\"elementor-widget-container\">\n\t\t\t\t\t\t\t<p>PONDEREA PARTENERILOR &#8211; SOCIETATE CIVIL\u0102 DIN TOTAL PARTENERIAT 21,21%.<\/p>\t\t\t\t\t\t<\/div>\n\t\t\t\t<\/div>\n\t\t\t\t\t<\/div>\n\t\t<\/div>\n\t\t\t\t\t<\/div>\n\t\t<\/section>\n\t\t\t\t<\/div>\n\t\t","protected":false},"excerpt":{"rendered":"<p>Parteneriatul teritoriului Banatul de Nord cuprinde 33 de parteneri, dintre care 8 parteneri publici. PARTENERI PUBLICI \u00a0Nr. Crt. \u00a0DENUMIRE PARTENER \u00a0SEDIUL SOCIAL\/SEDIUL SECUNDAR\/PUNCT DE \u00a0LUCRU\/SUCURSAL\u0102\/FILIAL\u0102(LOCALITATE) \u00a0OBIECT DE ACTIVITATE \u00a01 \u00a0COMUNA BARA \u00a0LOCALITATEA BARA \u00a0UAT \u00a02 \u00a0COMUNA BELIN\u021a \u00a0LOCALITATEA BELIN\u021a \u00a0UAT \u00a03 \u00a0COMUNA BOLDUR \u00a0LOCALITATEA BOLDUR \u00a0UAT \u00a04 \u00a0COMUNA CO\u0218TEIU \u00a0LOCALITATEA CO\u0218TEIU \u00a0UAT \u00a05 \u00a0COMUNA GHIZELA [&hellip;]<\/p>\n","protected":false},"author":1,"featured_media":0,"parent":0,"menu_order":0,"comment_status":"closed","ping_status":"closed","template":"","meta":{"ocean_post_layout":"full-screen","ocean_both_sidebars_style":"","ocean_both_sidebars_content_width":0,"ocean_both_sidebars_sidebars_width":0,"ocean_sidebar":"0","ocean_second_sidebar":"0","ocean_disable_margins":"enable","ocean_add_body_class":"","ocean_shortcode_before_top_bar":"","ocean_shortcode_after_top_bar":"","ocean_shortcode_before_header":"","ocean_shortcode_after_header":"","ocean_has_shortcode":"","ocean_shortcode_after_title":"","ocean_shortcode_before_footer_widgets":"","ocean_shortcode_after_footer_widgets":"","ocean_shortcode_before_footer_bottom":"","ocean_shortcode_after_footer_bottom":"","ocean_display_top_bar":"default","ocean_display_header":"default","ocean_header_style":"","ocean_center_header_left_menu":"0","ocean_custom_header_template":"0","ocean_custom_logo":0,"ocean_custom_retina_logo":0,"ocean_custom_logo_max_width":0,"ocean_custom_logo_tablet_max_width":0,"ocean_custom_logo_mobile_max_width":0,"ocean_custom_logo_max_height":0,"ocean_custom_logo_tablet_max_height":0,"ocean_custom_logo_mobile_max_height":0,"ocean_header_custom_menu":"0","ocean_menu_typo_font_family":"0","ocean_menu_typo_font_subset":"","ocean_menu_typo_font_size":0,"ocean_menu_typo_font_size_tablet":0,"ocean_menu_typo_font_size_mobile":0,"ocean_menu_typo_font_size_unit":"px","ocean_menu_typo_font_weight":"","ocean_menu_typo_font_weight_tablet":"","ocean_menu_typo_font_weight_mobile":"","ocean_menu_typo_transform":"","ocean_menu_typo_transform_tablet":"","ocean_menu_typo_transform_mobile":"","ocean_menu_typo_line_height":0,"ocean_menu_typo_line_height_tablet":0,"ocean_menu_typo_line_height_mobile":0,"ocean_menu_typo_line_height_unit":"","ocean_menu_typo_spacing":0,"ocean_menu_typo_spacing_tablet":0,"ocean_menu_typo_spacing_mobile":0,"ocean_menu_typo_spacing_unit":"","ocean_menu_link_color":"","ocean_menu_link_color_hover":"","ocean_menu_link_color_active":"","ocean_menu_link_background":"","ocean_menu_link_hover_background":"","ocean_menu_link_active_background":"","ocean_menu_social_links_bg":"","ocean_menu_social_hover_links_bg":"","ocean_menu_social_links_color":"","ocean_menu_social_hover_links_color":"","ocean_disable_title":"default","ocean_disable_heading":"default","ocean_post_title":"","ocean_post_subheading":"","ocean_post_title_style":"","ocean_post_title_background_color":"","ocean_post_title_background":0,"ocean_post_title_bg_image_position":"","ocean_post_title_bg_image_attachment":"","ocean_post_title_bg_image_repeat":"","ocean_post_title_bg_image_size":"","ocean_post_title_height":0,"ocean_post_title_bg_overlay":0.5,"ocean_post_title_bg_overlay_color":"","ocean_disable_breadcrumbs":"default","ocean_breadcrumbs_color":"","ocean_breadcrumbs_separator_color":"","ocean_breadcrumbs_links_color":"","ocean_breadcrumbs_links_hover_color":"","ocean_display_footer_widgets":"default","ocean_display_footer_bottom":"default","ocean_custom_footer_template":"0","footnotes":""},"_links":{"self":[{"href":"https:\/\/galbanatuldenord.ro\/ex1\/wp-json\/wp\/v2\/pages\/48"}],"collection":[{"href":"https:\/\/galbanatuldenord.ro\/ex1\/wp-json\/wp\/v2\/pages"}],"about":[{"href":"https:\/\/galbanatuldenord.ro\/ex1\/wp-json\/wp\/v2\/types\/page"}],"author":[{"embeddable":true,"href":"https:\/\/galbanatuldenord.ro\/ex1\/wp-json\/wp\/v2\/users\/1"}],"replies":[{"embeddable":true,"href":"https:\/\/galbanatuldenord.ro\/ex1\/wp-json\/wp\/v2\/comments?post=48"}],"version-history":[{"count":12,"href":"https:\/\/galbanatuldenord.ro\/ex1\/wp-json\/wp\/v2\/pages\/48\/revisions"}],"predecessor-version":[{"id":797,"href":"https:\/\/galbanatuldenord.ro\/ex1\/wp-json\/wp\/v2\/pages\/48\/revisions\/797"}],"wp:attachment":[{"href":"https:\/\/galbanatuldenord.ro\/ex1\/wp-json\/wp\/v2\/media?parent=48"}],"curies":[{"name":"wp","href":"https:\/\/api.w.org\/{rel}","templated":true}]}}