{"id":60,"date":"2017-08-17T10:03:17","date_gmt":"2017-08-17T10:03:17","guid":{"rendered":"http:\/\/galbanatuldenord.ro\/?page_id=60"},"modified":"2018-10-04T14:23:14","modified_gmt":"2018-10-04T11:23:14","slug":"despre-gal","status":"publish","type":"page","link":"https:\/\/galbanatuldenord.ro\/ex1\/despre-gal\/","title":{"rendered":"Despre GAL"},"content":{"rendered":"\t\t<div data-elementor-type=\"wp-post\" data-elementor-id=\"60\" class=\"elementor elementor-60 elementor-bc-flex-widget\" data-elementor-post-type=\"page\">\n\t\t\t\t\t\t<section class=\"elementor-section elementor-top-section elementor-element elementor-element-3z796r6 elementor-section-boxed elementor-section-height-default elementor-section-height-default\" data-id=\"3z796r6\" data-element_type=\"section\">\n\t\t\t\t\t\t<div class=\"elementor-container elementor-column-gap-default\">\n\t\t\t\t\t<div class=\"elementor-column elementor-col-100 elementor-top-column elementor-element elementor-element-4hiz68s\" data-id=\"4hiz68s\" data-element_type=\"column\">\n\t\t\t<div class=\"elementor-widget-wrap elementor-element-populated\">\n\t\t\t\t\t\t<div class=\"elementor-element elementor-element-v9gbmq8 elementor-widget elementor-widget-text-editor\" data-id=\"v9gbmq8\" data-element_type=\"widget\" data-widget_type=\"text-editor.default\">\n\t\t\t\t<div class=\"elementor-widget-container\">\n\t\t\t\t\t\t\t<p>\u00cen Rom\u00e2nia, at\u00e2t spa\u021biul rural c\u00e2t \u0219i ponderea popula\u021biei din sate, sunt printre cele mai ridicate din Europa, exist\u00e2nd astfel o nevoie clar\u0103 \u0219i accentuat\u0103 de dezvoltare \u0219i modernizare a teritoriului rural. Astfel LEADER, ca instrument menit s\u0103 asigure dezvoltarea spa\u021biului rural, este de o real\u0103 \u00eensemn\u0103tate pentru \u00eentreg teritoriul \u021b\u0103rii, inclusiv pentru zona reprezentat\u0103 de parteneriat, denumit\u0103 Banatul de Nord.<\/p><p>Implementarea Leader \u00een teritoriul rural ajut\u0103 popula\u021bia, societatea civil\u0103, actorii publici \u0219i priva\u021bi s\u0103 colaboreze, s\u0103-\u0219i cunoasc\u0103 mai bine nevoile de dezvoltare \u0219i resursele de care dispun pentru adoptarea unor decizii optime menite s\u0103 aduc\u0103 un plus de valoare teritoriului pe care \u00eel reprezint\u0103. Faptul c\u0103 activit\u0103\u021bile derulate sub egida LEADER se desf\u0103\u0219oar\u0103 \u00een parteneriat public-privat-ONG (societate civil\u0103), duce la \u00eent\u0103rirea capacit\u0103\u021bii de lucru, sporind \u0219ansele de reu\u0219it\u0103 \u00een procesul de dezvoltare al satului.<\/p><p>Denumira Banatul de Nord \u021bine de pozi\u021bionarea administrativ teritorial\u0103 a comunit\u0103\u021bilor ce formeaz\u0103 parteneriatul, respectiv \u00een nordul vechii provincii istorice &#8211; Banat. Pentru zon\u0103, implementarea LEADER este deosebit de important\u0103 lu\u00e2nd \u00een considerare bunul exemplu dat de grupurile de ac\u021biune local\u0103 care au implementat strategii de dezvoltare local\u0103 \u00een perioada 2007 &#8211; 2013 \u0219i care au reu\u0219it finan\u021barea unor proiecte ce au adus un mare plus de valoare comunit\u0103\u021bilor rurale. Teritoriul reprezentat de Parteneriatul Banatul de Nord nu a beneficiat de finan\u021bare prin Leader \u00een perioada 2007 &#8211; 2013 fapt care genereaz\u0103 o nevoie mai mare de dezvoltare\/finan\u021bare a zonei fa\u021b\u0103 de alte zone care au beneficiat de finan\u021bare. Teritoriul ce face obiectul Strategiei de Dezvoltare Local\u0103 se situeaz\u0103 \u00een jude\u021bul Timi\u0219, av\u00e2nd la baz\u0103 cele din nord-estul Banatului \u0219i cuprinde arealul administrativ al 8 comune situate \u00een jude\u021bul Timi\u0219. Pentru perioada 2014 &#8211; 2020 parteneriatul Banatul de Nord propune o ini\u021biativ\u0103 comun\u0103 de dezvoltare a teritoriului \u00een vederea sporirii calit\u0103\u021bii vie\u021bii cet\u0103\u021benilor \u0219i ridicarea standardelor de trai la nivelul comunit\u0103\u021bilor. Astfel, parteneriatul urm\u0103re\u0219te ca \u0219i obiectiv general dezvoltarea economic\u0103 \u0219i social\u0103 a zonei cu valorificarea resurselor teritoriale precum \u0219i oportunit\u0103\u021bile de dezvoltare generate de factori externi.<\/p><p><span style=\"text-decoration: underline;\"><strong><a href=\"http:\/\/galbanatuldenord.ro\/wp-content\/uploads\/2017\/08\/pg_2-3_INTRODUCERE.pdf\" target=\"_blank\" rel=\"noopener\">Despre Grupul de Ac\u021biune Local\u0103 Banatul de Nord<\/a><\/strong><\/span><\/p>\t\t\t\t\t\t<\/div>\n\t\t\t\t<\/div>\n\t\t\t\t\t<\/div>\n\t\t<\/div>\n\t\t\t\t\t<\/div>\n\t\t<\/section>\n\t\t\t\t<\/div>\n\t\t","protected":false},"excerpt":{"rendered":"<p>\u00cen Rom\u00e2nia, at\u00e2t spa\u021biul rural c\u00e2t \u0219i ponderea popula\u021biei din sate, sunt printre cele mai ridicate din Europa, exist\u00e2nd astfel o nevoie clar\u0103 \u0219i accentuat\u0103 de dezvoltare \u0219i modernizare a teritoriului rural. Astfel LEADER, ca instrument menit s\u0103 asigure dezvoltarea spa\u021biului rural, este de o real\u0103 \u00eensemn\u0103tate pentru \u00eentreg teritoriul \u021b\u0103rii, inclusiv pentru zona reprezentat\u0103 [&hellip;]<\/p>\n","protected":false},"author":1,"featured_media":0,"parent":0,"menu_order":0,"comment_status":"closed","ping_status":"closed","template":"","meta":{"ocean_post_layout":"","ocean_both_sidebars_style":"","ocean_both_sidebars_content_width":0,"ocean_both_sidebars_sidebars_width":0,"ocean_sidebar":"","ocean_second_sidebar":"","ocean_disable_margins":"enable","ocean_add_body_class":"","ocean_shortcode_before_top_bar":"","ocean_shortcode_after_top_bar":"","ocean_shortcode_before_header":"","ocean_shortcode_after_header":"","ocean_has_shortcode":"","ocean_shortcode_after_title":"","ocean_shortcode_before_footer_widgets":"","ocean_shortcode_after_footer_widgets":"","ocean_shortcode_before_footer_bottom":"","ocean_shortcode_after_footer_bottom":"","ocean_display_top_bar":"default","ocean_display_header":"default","ocean_header_style":"","ocean_center_header_left_menu":"","ocean_custom_header_template":"","ocean_custom_logo":0,"ocean_custom_retina_logo":0,"ocean_custom_logo_max_width":0,"ocean_custom_logo_tablet_max_width":0,"ocean_custom_logo_mobile_max_width":0,"ocean_custom_logo_max_height":0,"ocean_custom_logo_tablet_max_height":0,"ocean_custom_logo_mobile_max_height":0,"ocean_header_custom_menu":"","ocean_menu_typo_font_family":"","ocean_menu_typo_font_subset":"","ocean_menu_typo_font_size":0,"ocean_menu_typo_font_size_tablet":0,"ocean_menu_typo_font_size_mobile":0,"ocean_menu_typo_font_size_unit":"px","ocean_menu_typo_font_weight":"","ocean_menu_typo_font_weight_tablet":"","ocean_menu_typo_font_weight_mobile":"","ocean_menu_typo_transform":"","ocean_menu_typo_transform_tablet":"","ocean_menu_typo_transform_mobile":"","ocean_menu_typo_line_height":0,"ocean_menu_typo_line_height_tablet":0,"ocean_menu_typo_line_height_mobile":0,"ocean_menu_typo_line_height_unit":"","ocean_menu_typo_spacing":0,"ocean_menu_typo_spacing_tablet":0,"ocean_menu_typo_spacing_mobile":0,"ocean_menu_typo_spacing_unit":"","ocean_menu_link_color":"","ocean_menu_link_color_hover":"","ocean_menu_link_color_active":"","ocean_menu_link_background":"","ocean_menu_link_hover_background":"","ocean_menu_link_active_background":"","ocean_menu_social_links_bg":"","ocean_menu_social_hover_links_bg":"","ocean_menu_social_links_color":"","ocean_menu_social_hover_links_color":"","ocean_disable_title":"default","ocean_disable_heading":"default","ocean_post_title":"","ocean_post_subheading":"","ocean_post_title_style":"","ocean_post_title_background_color":"","ocean_post_title_background":0,"ocean_post_title_bg_image_position":"","ocean_post_title_bg_image_attachment":"","ocean_post_title_bg_image_repeat":"","ocean_post_title_bg_image_size":"","ocean_post_title_height":0,"ocean_post_title_bg_overlay":0.5,"ocean_post_title_bg_overlay_color":"","ocean_disable_breadcrumbs":"default","ocean_breadcrumbs_color":"","ocean_breadcrumbs_separator_color":"","ocean_breadcrumbs_links_color":"","ocean_breadcrumbs_links_hover_color":"","ocean_display_footer_widgets":"default","ocean_display_footer_bottom":"default","ocean_custom_footer_template":"","footnotes":""},"_links":{"self":[{"href":"https:\/\/galbanatuldenord.ro\/ex1\/wp-json\/wp\/v2\/pages\/60"}],"collection":[{"href":"https:\/\/galbanatuldenord.ro\/ex1\/wp-json\/wp\/v2\/pages"}],"about":[{"href":"https:\/\/galbanatuldenord.ro\/ex1\/wp-json\/wp\/v2\/types\/page"}],"author":[{"embeddable":true,"href":"https:\/\/galbanatuldenord.ro\/ex1\/wp-json\/wp\/v2\/users\/1"}],"replies":[{"embeddable":true,"href":"https:\/\/galbanatuldenord.ro\/ex1\/wp-json\/wp\/v2\/comments?post=60"}],"version-history":[{"count":7,"href":"https:\/\/galbanatuldenord.ro\/ex1\/wp-json\/wp\/v2\/pages\/60\/revisions"}],"predecessor-version":[{"id":776,"href":"https:\/\/galbanatuldenord.ro\/ex1\/wp-json\/wp\/v2\/pages\/60\/revisions\/776"}],"wp:attachment":[{"href":"https:\/\/galbanatuldenord.ro\/ex1\/wp-json\/wp\/v2\/media?parent=60"}],"curies":[{"name":"wp","href":"https:\/\/api.w.org\/{rel}","templated":true}]}}