{"id":64,"date":"2017-08-17T10:03:44","date_gmt":"2017-08-17T10:03:44","guid":{"rendered":"http:\/\/galbanatuldenord.ro\/?page_id=64"},"modified":"2018-10-04T14:34:08","modified_gmt":"2018-10-04T11:34:08","slug":"teritoriu-gal","status":"publish","type":"page","link":"https:\/\/galbanatuldenord.ro\/ex1\/teritoriu-gal\/","title":{"rendered":"Teritoriu GAL"},"content":{"rendered":"\t\t<div data-elementor-type=\"wp-post\" data-elementor-id=\"64\" class=\"elementor elementor-64 elementor-bc-flex-widget\" data-elementor-post-type=\"page\">\n\t\t\t\t\t\t<section class=\"elementor-section elementor-top-section elementor-element elementor-element-4wd6xhp elementor-section-boxed elementor-section-height-default elementor-section-height-default\" data-id=\"4wd6xhp\" data-element_type=\"section\">\n\t\t\t\t\t\t<div class=\"elementor-container elementor-column-gap-default\">\n\t\t\t\t\t<div class=\"elementor-column elementor-col-100 elementor-top-column elementor-element elementor-element-2e2jhfa\" data-id=\"2e2jhfa\" data-element_type=\"column\">\n\t\t\t<div class=\"elementor-widget-wrap elementor-element-populated\">\n\t\t\t\t\t\t<div class=\"elementor-element elementor-element-im3c0oq elementor-widget elementor-widget-heading\" data-id=\"im3c0oq\" data-element_type=\"widget\" data-widget_type=\"heading.default\">\n\t\t\t\t<div class=\"elementor-widget-container\">\n\t\t\t<h1 class=\"elementor-heading-title elementor-size-default\">PREZENTAREA TERITORIULUI<\/h1>\t\t<\/div>\n\t\t\t\t<\/div>\n\t\t\t\t\t<\/div>\n\t\t<\/div>\n\t\t\t\t\t<\/div>\n\t\t<\/section>\n\t\t\t\t<section class=\"elementor-section elementor-top-section elementor-element elementor-element-d5k49tn elementor-section-boxed elementor-section-height-default elementor-section-height-default\" data-id=\"d5k49tn\" data-element_type=\"section\">\n\t\t\t\t\t\t<div class=\"elementor-container elementor-column-gap-default\">\n\t\t\t\t\t<div class=\"elementor-column elementor-col-100 elementor-top-column elementor-element elementor-element-dxbvkpr\" data-id=\"dxbvkpr\" data-element_type=\"column\">\n\t\t\t<div class=\"elementor-widget-wrap elementor-element-populated\">\n\t\t\t\t\t\t<div class=\"elementor-element elementor-element-2t3tia3 elementor-widget elementor-widget-text-editor\" data-id=\"2t3tia3\" data-element_type=\"widget\" data-widget_type=\"text-editor.default\">\n\t\t\t\t<div class=\"elementor-widget-container\">\n\t\t\t\t\t\t\t<p>Microregiunea Banatul de Nord reprezint\u0103 un teritoriu constituit din 8 unit\u0103\u0163i\u00a0 administrativ &#8211; teritoriale situate pe teritoriul jude\u0163ului Timi\u015f. Din punct de vedere geografic reprezint\u0103 un spa\u021biu ce are la baz\u0103 cele dou\u0103 r\u00e2uri principale Timi\u015f \u015fi Bega, din nord-estul Banatului.<\/p><ol><li><strong>POZITIONARE \u0218I RELIEF<\/strong><\/li><\/ol><p>\u00cencadarea \u00een teritoriul na\u0163ional este una vestic\u0103, cu un mare avantaj fa\u0163\u0103 de axele economice, iar \u00een cea ce prive\u015fte cel jude\u0163ean se pozi\u0163ioneaz\u0103 \u00een centrul jude\u0163ului Tmi\u015f, \u00eentr-o zon\u0103 de c\u00e2mpie \u015fi dealuri joase, tranzitat\u0103 de principalele c\u0103i comunica\u0163ii rutiere \u015fi feroviare. Popula\u0163ia total\u0103 \u00een\u00a0 cele 8 comune componente: Bara, Belin\u0163, Boldur, Co\u015fteiu, Ghizela, Ohaba Lung\u0103, Racovi\u0163a \u015fi Topolov\u0103\u0163u Mare este de 17.232 locuitori (sursa INS). Suprafa\u0163a total\u0103 a teritoriului GAL Banatul de Nord este de 716,29 kmp sau 71.269 ha (sursa INS).<\/p><p>Microregiunea GAL Banatul de Nord se suprapune cu dou\u0103 unit\u0103\u0163i importante de relief:\u00a0 Dealurile Lipovei cu subunitatea Dealurile Beg\u0103i \u015fi C\u00e2mpia Lugojului. Dac\u0103 Dealurile Beg\u0103i sunt prezente \u00een cele trei comune din partea nordic\u0103 \u015fi estic\u0103 Bara, Ghizela \u015fi Ohaba Lung\u0103, \u00een restul teritoriului este prezent\u0103 \u00eentinsa C\u00e2mpia\u00a0 a Banatului, cu \u00een\u00e2l\u0163imi de sub 150 m \u015fi accesibil\u0103 oric\u0103ror activit\u0103\u0163i economice. Din punct de vedere al altitudinilor, acestea sunt joase \u00eencep\u00e2nd de la 99 m pe digul construit pe R\u00e2ul Timi\u015f \u00een partea nord-vestic\u0103 a comunei Racovi\u0163a, p\u00e2n\u0103 \u00een partea nordic\u0103 a comunei Ohaba Lung\u0103, unde se \u00eent\u00e2lne\u015fte cele mai mari \u00een\u0103l\u0163imi, aproape de grani\u0163a cu jude\u0163ul Arad, Gomila Ro\u015fie de 316 m \u015fi Dealul Gugla de 318 m.<\/p><p><strong>2. MEDIUL \u0218I CONDI\u021aILE CLIMATICE<\/strong><\/p><p>Climatul din acest\u0103 zon\u0103 este specific de deal \u015fi\u00a0 c\u00e2mpie, cu altitudini sc\u0103zute, cu temperaturi mai ridicate dec\u00e2t \u00een zona \u00eenalt\u0103, dar mult mai sc\u0103zute dec\u00e2t cele din sudul Banatului \u015fi precipita\u0163ii cu cantit\u0103\u0163i mai ridicate din cauza influen\u0163elor vestice, fenomenul de secet\u0103 \u00eent\u00e2lninduse pe perioade scurte de timp. Tipul climatic predominant este cel continental, cu o u\u015foar\u0103 influen\u0163\u0103 mediteranean\u0103, cu ierni \u00een general bl\u00e2nde, veri c\u0103lduroase, toamne lungi \u015fi treceri bru\u015fte de la iarn\u0103 la var\u0103. Din punct de vedere al hidrografiei teritoriul\u00a0 Microregiunii GAL Banatul de Nord\u00a0 are ca principali colectori r\u00e2urile Bega \u015fi Timi\u015f, fiecare dintre ele form\u00e2nd un bazin de colectare extins. <u>Vegeta\u0163ia de p\u0103dure<\/u> &#8211; este specific\u0103 regiunii de dealuri \u015fi c\u00e2mpii \u00eenalte. Predominant sunt\u00a0 foioasele \u00een care se \u00eent\u0103lnesc \u00een mare parte stejari, dar \u015fi alte specii prezente mai rar: fag, gorun, g\u00e2rni\u0163\u0103, frasini, tei, pini, molizi, ulmi, cire\u015ful s\u0103lbatic, m\u0103rul \u015fi p\u0103rul p\u0103dure\u0163. <u>Vegeta\u0163ia de p\u0103\u015fune<\/u>&#8211; aceasta face s\u0103 fie un peisaj deosebit \u015fi vizibil fiind folosite \u00een special pentru cre\u015fterea animalelor<u>. Vegeta\u0163ia ierboas\u0103<\/u> este reprezentat\u0103 de urm\u0103toarele specii: p\u0103iu\u015ful, iarba v\u00e2ntului, trifoiul alb, coada \u015foricelului, cimbri\u015forul, patlagina, firu\u0163\u0103, rogoz, etc. Printre \u00eentinsele p\u0103\u015funi se pot observa diferite tufi\u015furi de arbu\u015fti formate din: m\u0103ce\u015f, porumbar, p\u0103ducel, alun, s\u0103nger dar \u015fi stejari izola\u0163i. Acestea dau aspectul unui peisaj pitoresc\u00a0 \u015fi sunt folosite de c\u0103tre cresc\u0103torii de animale pentru p\u0103storit. Solurile sunt caracterizate printr-o fertilitate ridicat\u0103, neexist\u00e2nd areale \u00een care solul s\u0103 fie neevoluat \u015fi de o slab\u0103 calitate. Rezult\u0103 de aici o mare capacitate de exploatere agricol\u0103 ce poate fi valorificat\u0103 cu cele mai bune rezultate.<\/p><p><strong>3. DEMOGRAFIA \u0218I POPULA\u021aIA<\/strong><\/p><p>Situa\u0163ia geodemografic\u0103 a teritoriului Banatul de Nord este \u00een continu\u0103\u00a0 schimbare din cauza unei dinamici accentuate. La ultimul recens\u0103m\u00e2nt\u00a0 din 2011 popula\u0163ia total\u0103 a teritoriului, s-a ridicat la cifra de\u00a0 17.232 (sursa INS) locuitori \u00een sc\u0103dere cu 1129 locuitori fa\u021b\u0103 de recens\u0103m\u00e2ntul din 2002 c\u00e2nd popula\u0163ia teritoriului era de 18361 locuitori. Calcul\u00e2nd rata de sc\u0103dere a popula\u0163iei rezult\u0103 a sc\u0103zut cu aproximativ 125,44 loc\/an. Din punct de vedere al natalit\u0103\u021bi niciuna dintre unit\u0103\u021bile administrative partenere nu a \u00eenregistrat spor natural. Densitatea popula\u021biei teritoriului este de 24,05 loc\/km\u00b2.<\/p><table border=\"1px solid #000000;\" width=\"100%\"><tbody><tr><td width=\"85\"><span style=\"color: #1072ba;\"><strong>UAT<\/strong><\/span><\/td><td width=\"63\"><span style=\"color: #1072ba;\"><strong>IDUL 2011<\/strong><\/span><\/td><\/tr><tr><td width=\"85\">BARA<\/td><td width=\"63\">41.88<\/td><\/tr><tr><td width=\"85\">BELIN\u021a<\/td><td width=\"63\">52.82<\/td><\/tr><tr><td width=\"85\">GHIZELA<\/td><td width=\"63\">51.91<\/td><\/tr><tr><td width=\"85\">OHABA LUNG\u0102<\/td><td width=\"63\">49.91<\/td><\/tr><\/tbody><\/table><p>\u00a0<br \/> \u00cen func\u021bie de apartenen\u021ba etnic\u0103 popula\u021bia microregiunii este compus\u0103 din cet\u0103\u0163eni de na\u021bionalitate rom\u00e2n\u0103 \u00een propor\u021bie de 80,12%, \u00a0maghiari 10,31%, rromi 2,31% \u015fi alte na\u021bionalit\u0103\u021bi 7,26%<\/p><p><strong>4. INFRASTRUCTURA<\/strong><\/p><p>Din cele 8 unit\u0103\u021bi administrative ce compun parteneriatul, \u00een cadrul teritoriului a dou\u0103 unit\u0103\u021bi (Bara \u0219i Ghizela) cet\u0103\u021beni nu beneficiaz\u0103 de alimentare cu ap\u0103 \u00een sistem centralizat. Tot dou\u0103 comune din cele 8 (Bara \u0219i Belin\u021b) nu de\u021bin infrastructur\u0103 de canalizare pentru apa menajer\u0103 \u00een niciunul din satele apar\u021bin\u0103toare iar celelalte 6 de\u021bin re\u021bea de canalizare doar par\u021bial construit\u0103. \u00a0O singur\u0103 unitate administrativ-teritorial\u0103 de\u021bine o re\u021bea de alimentare cu gaz metan. \u00cen toate cele 8 unit\u0103\u021bi adminbistrativ-teritoriale cet\u0103\u021beni au acces la\u00a0 alimentare cu energie electric\u0103, telefonie fix\u0103 \u0219i mobil\u0103, retea de internet, televiziune \u0219i radio. Toate comunele\u00a0 au re\u021bele de iluminat public care necesit\u0103 extins \u0219i modernizat \u00een cea mai mare parte a localit\u0103\u021bilor.<\/p><p>Din totalul lungimii de drumuri \u0219i str\u0103zi(234,8km) doar 24,19% sunt asfaltate \u0219i asigur\u0103 condi\u021bii bune de exploatare \u0219i transport. Restul drumurilor \u0219i str\u0103zilor din teritoriu(aprox 75%) pietruite sau din p\u0103m\u00e2nt (neamenajate) asigur\u00e2nd accesibilitate \u0219i utilizare precar\u0103.<\/p><p>\u00cen ceea ce prive\u0219te\u00a0 dotarea comunit\u0103\u021bilor cu infrastructur\u0103 de agrement doar 2 unit\u0103\u021bi administrativ-teritoriale dispun de zone de agrement amenajate sau parcuri.<\/p><p>Exist\u0103 \u00een domeniul public al celor 8 comune spa\u021bii publice neamenajate, \u0219i cl\u0103diri cu diferite destina\u021bii publice care necesit\u0103 reabilitare\/renovare.<\/p><p>Fiecare comun\u0103 dispune de cladiri cu func\u021biuni de c\u0103mine culturale care \u00eens\u0103 au nevoie de reabilitare\/renovare \u0219i de dotare \u00een vederea desf\u0103\u0219ur\u0103ri \u00een bune condi\u021bi a activit\u0103\u021bilor specifice.<\/p><p>\u00cen fiecare comun\u0103 se afl\u0103 func\u021bional c\u00eete un post de poli\u021bie , exist\u0103 organizat \u0219i func\u021bional c\u0103te un serviciu\u00a0 de interven\u021bie pentru situa\u021bi de urgen\u021b\u0103. Doar 2 dintre comune (Ghizela \u0219i Topolov\u0103\u021bu Mare) dispun de sisteme de supraveghere video pentru siguran\u021ba cet\u0103\u021benilor \u00een spa\u021biul public.<\/p><p>De\u0219i \u00een ultimi 5 ani veniturile proprii ale autorit\u0103\u021bilor locale au creccut, num\u0103rul de investi\u021bii publice a sc\u0103zut \u00een anul 2015 fa\u021b\u0103 de ultimi 3 ani.<\/p><p><strong>5. EDUCA\u021aIA, S\u0102N\u0102TATEA \u0218I PROTEC\u021aIA SOCIAL\u0102<\/strong><\/p><p>Fiecare comun\u0103 dispune de exist\u0103 cel pu\u021bin o gr\u0103dini\u021b\u0103 \u0219i o \u0219coal\u0103 gimnazial\u0103. \u00cen ceea ce prive\u0219te num\u0103rul de elevi acesta este \u00een sc\u0103dere permanent\u0103 datorat\u0103 num\u0103rului sc\u0103zut de na\u0219teri din ultimi ani coroborat cu tendin\u021ba de p\u0103r\u0103sire a spa\u021biului rural \u00een special de c\u0103tre tineri.<\/p><p>Nu exist\u0103 \u00een teritoriu unit\u0103\u021bi specializare \u00een formare profesional\u0103 a adul\u021bilor sau centre de\u00a0 formare profesional\u0103 a adul\u021bilor sau centre de\u00a0 evaluare \u0219i certificare de competen\u021be profesionale dob\u00e2ndite \u00een alte contexte dec\u00e2t cele formale.<\/p><p>\u00cen microregiune exist\u0103 un c\u0103min de b\u0103tr\u00e2ni \u00een localitatea Bara. Nu exist\u0103 ad\u0103posturi sociale sau alte unit\u0103\u021bi sociale. De\u0219i \u00een zon\u0103 exist\u0103 \u0219i alte grupuri vulnerabile dec\u00e2t b\u0103tr\u00e2ni nu exist\u0103 alte centre sociale dedicate acestor grupuri. Cel mai \u00eent\u00e2lnit grup vulnerabil este cel al familiilor aflate \u00een dificultate(familii numeroase \u2013 peste 2 copii cu venituri mici \u0219i\/sau monoparentale, cu risc de abandon \u0219colar \u0219i apar\u021bin\u0103toare a minorit\u0103\u021bi rrome). \u00cen func\u021bie de datele existente la nivelul UAT urilor la compartimentele de asisten\u021b\u0103 social\u0103 pot fi \u00eencadrate \u00een acest grup vulnerabil un num\u0103r de 2800 persoane.<\/p><p>Comunele ce compun teritoriul parteneriatului dispun de dispensare \u00eens\u0103 locuitori nu au acces facil la servicii de ambulan\u021b\u0103, \u00een zon\u0103 nefiind func\u021bional vreun serviciu de acest fel. \u00cen acest caz persoanele \u00een dificultate prezint\u0103 o dubl\u0103 vulnerabilitate.<\/p><p><strong>6. ECONOMIA LOCAL\u0102<\/strong><\/p><p>\u00cen ceea ce prive\u0219te economia public\u0103, \u00een anul 2015, valoarea total\u0103 a veniturilor la bugetele locale ale unit\u0103\u021bilor administrative a fost \u00een cre\u0219tere\u00a0 comparativ cu anii anteriori.<\/p><p>Conform datelor existente la nivelul Prim\u0103riilor unit\u0103\u021bilor administrative num\u0103rul agen\u021bilor economici a crescut raportat la \u00eentreg teritoriu. Singura ramur\u0103 \u00een care a sc\u0103zut num\u0103rul de agen\u021bi economici a fost turismul.<\/p><p>Din punct de vedere al num\u0103rului de agen\u021bi economici \u0219i al sectorului \u00een care activeaz\u0103 situa\u021bia este conform tabelului de mai jos:<\/p><table border=\"1px solid #000000\" width=\"100%\"><tbody><tr><td width=\"72\"><span style=\"color: #1072ba;\"><strong>UAT<\/strong><\/span><\/td><td width=\"90\"><span style=\"color: #1072ba;\"><strong>AGRICULTURA<\/strong><\/span><\/td><td width=\"74\"><span style=\"color: #1072ba;\"><strong>\u00a0INDUSTRIE<\/strong><\/span><\/td><td width=\"72\"><span style=\"color: #1072ba;\"><strong>\u00a0SERVICII<\/strong><\/span><\/td><td width=\"72\"><span style=\"color: #1072ba;\"><strong>\u00a0COMER\u021a<\/strong><\/span><\/td><\/tr><tr><td width=\"72\">Bara<\/td><td width=\"75\">7<\/td><td width=\"59\">0<\/td><td width=\"72\">1<\/td><td width=\"72\">2<\/td><\/tr><tr><td width=\"72\">Belin\u0163<\/td><td width=\"75\">16<\/td><td width=\"59\">0<\/td><td width=\"48\">0<\/td><td width=\"50\">10<\/td><\/tr><tr><td width=\"72\">Ghizela<\/td><td width=\"75\">11<\/td><td width=\"59\">1<\/td><td width=\"48\">1<\/td><td width=\"50\">8<\/td><\/tr><tr><td width=\"72\">Boldur<\/td><td width=\"75\">15<\/td><td width=\"59\">0<\/td><td width=\"48\">5<\/td><td width=\"50\">8<\/td><\/tr><tr><td width=\"72\">Co\u015fteiu<\/td><td width=\"75\">16<\/td><td width=\"59\">5<\/td><td width=\"48\">5<\/td><td width=\"50\">16<\/td><\/tr><tr><td width=\"72\">Ohaba Lung\u0103<\/td><td width=\"75\">6<\/td><td width=\"59\">3<\/td><td width=\"48\">0<\/td><td width=\"50\">6<\/td><\/tr><tr><td width=\"72\">Topol\u0103v\u0103\u0163u Mare<\/td><td width=\"75\">12<\/td><td width=\"59\">5<\/td><td width=\"48\">4<\/td><td width=\"50\">5<\/td><\/tr><tr><td width=\"72\">Racovi\u0163a<\/td><td width=\"75\">8<\/td><td width=\"59\">4<\/td><td width=\"48\">3<\/td><td width=\"50\">6<\/td><\/tr><tr><td width=\"72\"><strong>Total<\/strong><\/td><td width=\"75\"><strong>91<\/strong><\/td><td width=\"59\"><strong>18<\/strong><\/td><td width=\"48\"><strong>19<\/strong><\/td><td width=\"50\"><strong>61<\/strong><\/td><\/tr><\/tbody><\/table><p>Astfel 48,15 % din\u00a0 agen\u021bi economici\u00a0 activeaza \u00een agricultur\u0103, 9,52%\u00a0 \u00een industrie, 10.05 % \u00een sectorul de servici inclusiv turism\u00a0\u0219i 32,28 % \u00een comer\u021b.<\/p><p>\u00cen turism activeaz\u0103 doar 8 de agen\u021bi economici \u0219i cei mai mul\u021bi (3) sunt din comuna\u00a0 Co\u0219teiu. Cele mai frecvent \u00eent\u00e2lnite unit\u0103\u021bi turistice sunt de tip \u201dpensiuni\u201d, \u00a0in teritoriu nu exist\u0103 unit\u0103\u021bi hoteliere de dimensiuni mai mari.<\/p><p>Pe teritoriul parteneriatului GAL Banatul de Nord se g\u0103sesc monumente \u0219i biserici. \u00cen comuna Belin\u021b sunt dou\u0103 biserici Biserica \u00cenvierea Domnului \u0219i Biserica Na\u0219terea Maicii Domnului, \u00een comuna Bara -Biserica de lemn Cuvioasa Paraschiva, comuna Ohaba Lung\u0103-Biserica de lemn Sf. Dumitru, iar \u00een comuna Co\u0219teiu exista Casa St\u0103vilar(azi St\u0103vilar Co\u0219teiu).Doar o comuna (comuan Bara) din cele ce\u00a0 formeaz\u0103 parteneriatul nu este cuprins\u0103 \u00een lista zonelor cu valore natural\u0103 ridicat\u0103, ceea ce atest\u0103 poten\u021bialul turistic al teritoriului.<\/p><p>Zone NATURA 2000: Comunele Belin\u021b, Boldur, Co\u0219teiu,Topolov\u0103\u021bu Mare, Racovi\u021ba\u00a0 &#8211; Luncile Timi\u0219ului, Comuna Ghizela \u2013 Padurea Paniova, Comunele Boldur, Racovi\u021ba -P\u0103durea Dumbrava, Comuna Ohaba Lunga \u2013 Defileul Mure\u0219ului Inferior Mure\u0219ului-Dealurile Lipovei.<\/p>\t\t\t\t\t\t<\/div>\n\t\t\t\t<\/div>\n\t\t\t\t\t<\/div>\n\t\t<\/div>\n\t\t\t\t\t<\/div>\n\t\t<\/section>\n\t\t\t\t<section class=\"elementor-section elementor-top-section elementor-element elementor-element-cyq7mdq elementor-section-boxed elementor-section-height-default elementor-section-height-default\" data-id=\"cyq7mdq\" data-element_type=\"section\">\n\t\t\t\t\t\t<div class=\"elementor-container elementor-column-gap-default\">\n\t\t\t\t\t<div class=\"elementor-column elementor-col-100 elementor-top-column elementor-element elementor-element-odir6ol\" data-id=\"odir6ol\" data-element_type=\"column\">\n\t\t\t<div class=\"elementor-widget-wrap elementor-element-populated\">\n\t\t\t\t\t\t<div class=\"elementor-element elementor-element-908jadi elementor-widget elementor-widget-text-editor\" data-id=\"908jadi\" data-element_type=\"widget\" data-widget_type=\"text-editor.default\">\n\t\t\t\t<div class=\"elementor-widget-container\">\n\t\t\t\t\t\t\t<table border=\"1 px solid #000000;\" width=\"1214\"><tbody><tr><td rowspan=\"2\" width=\"153\"><span style=\"color: #1072ba;\"><strong>Codul <\/strong><strong>SIRUTA<\/strong><\/span><\/td><td style=\"text-align: center;\" colspan=\"3\" width=\"454\"><span style=\"color: #1072ba;\"><strong>Numele localit\u0103\u0163ii<\/strong><\/span><\/td><td style=\"text-align: center;\" colspan=\"2\" width=\"327\"><span style=\"color: #1072ba;\"><strong>Nr. locuitori<\/strong><\/span><\/td><td style=\"text-align: center;\" colspan=\"2\" width=\"280\"><span style=\"color: #1072ba;\"><strong>Suprafa\u021b\u0103<\/strong><\/span><\/td><\/tr><tr><td style=\"text-align: left;\" width=\"163\"><span style=\"color: #1072ba;\"><strong>Jude\u021b<\/strong><\/span><\/td><td style=\"text-align: left;\"><span style=\"color: #1072ba;\"><strong>Comun\u0103<\/strong><\/span><\/td><td style=\"text-align: center;\"><span style=\"color: #1072ba;\"><strong>Ora\u0219\/ Municipiu<\/strong><\/span><\/td><td style=\"text-align: center;\"><span style=\"color: #1072ba;\"><strong>Nr. loc. \/ comun\u0103<\/strong><\/span><\/td><td style=\"text-align: center;\"><span style=\"color: #1072ba;\"><strong>Nr. loc. \/ ora\u0219 \/ municipiu<\/strong><\/span><\/td><td style=\"text-align: center;\"><span style=\"color: #1072ba;\"><strong>km<sup>2<\/sup>\/comun\u0103<\/strong><\/span><\/td><td style=\"text-align: center;\"><span style=\"color: #1072ba;\"><strong>km<sup>2<\/sup>\/ora\u0219\/municipiu<\/strong><\/span><\/td><\/tr><tr><td>155662<\/td><td>Timi\u015f<\/td><td>Bara<\/td><td>*<\/td><td>388<\/td><td>*<\/td><td>70,67<\/td><td>*<\/td><\/tr><tr><td>155797<\/td><td>Timi\u015f<\/td><td>Belin\u0163<\/td><td>*<\/td><td>2789<\/td><td>*<\/td><td>63,2<\/td><td>*<\/td><\/tr><tr><td>157193<\/td><td>Timi\u015f<\/td><td>Ghizela<\/td><td>*<\/td><td>1155<\/td><td>*<\/td><td>92,06<\/td><td>*<\/td><\/tr><tr><td>156106<\/td><td>Timi\u015f<\/td><td>Boldur<\/td><td>*<\/td><td>2439<\/td><td>*<\/td><td>84,88<\/td><td>*<\/td><\/tr><tr><td>156473<\/td><td>Timi\u015f<\/td><td>Co\u015fteiu<\/td><td>*<\/td><td>3635<\/td><td>*<\/td><td>83,63<\/td><td>*<\/td><\/tr><tr><td>157969<\/td><td>Timi\u015f<\/td><td>Ohaba Lung\u0103<\/td><td>*<\/td><td>1084<\/td><td>*<\/td><td>104,79<\/td><td>*<\/td><\/tr><tr><td>158966<\/td><td>Timi\u015f<\/td><td>Topol\u0103v\u0103\u0163u Mare<\/td><td>*<\/td><td>2574<\/td><td>*<\/td><td>99,88<\/td><td>*<\/td><\/tr><tr><td>158243<\/td><td>Timi\u015f<\/td><td>Racovi\u0163a<\/td><td>*<\/td><td>3168<\/td><td>*<\/td><td>117,18<\/td><td>*<\/td><\/tr><tr><td colspan=\"4\">Total<\/td><td>17232<\/td><td>0<\/td><td>716,29<\/td><td>0<\/td><\/tr><tr><td colspan=\"4\">Total general<\/td><td colspan=\"2\">17232<\/td><td colspan=\"2\">716,29<\/td><\/tr><tr><td colspan=\"4\" width=\"607\">% locuitori ora\u015fe\/municipii din total locuitori (\u226425%)<\/td><td colspan=\"2\">0<\/td><td>\u00a0<\/td><td>\u00a0<\/td><\/tr><tr><td colspan=\"4\">Densitatea<\/td><td colspan=\"4\"><p>24,05729523<\/p><hr \/><hr \/><\/td><\/tr><\/tbody><\/table>\t\t\t\t\t\t<\/div>\n\t\t\t\t<\/div>\n\t\t\t\t<div class=\"elementor-element elementor-element-45l9jr8 elementor-widget elementor-widget-text-editor\" data-id=\"45l9jr8\" data-element_type=\"widget\" data-widget_type=\"text-editor.default\">\n\t\t\t\t<div class=\"elementor-widget-container\">\n\t\t\t\t\t\t\t<p><a href=\"http:\/\/galbanatuldenord.ro\/wp-content\/uploads\/2017\/08\/Anexa-2-Fisa-de-prezentare-a-teritoriului_1-Banatu-de-Nord.xlsx\" target=\"_blank\" rel=\"noopener\"><span style=\"color: #0000ff;\"><em><strong>Fis\u0103 de prezentare a teritoriului<\/strong><\/em><\/span><\/a><\/p>\t\t\t\t\t\t<\/div>\n\t\t\t\t<\/div>\n\t\t\t\t<div class=\"elementor-element elementor-element-3tltjv1 elementor-widget elementor-widget-text-editor\" data-id=\"3tltjv1\" data-element_type=\"widget\" data-widget_type=\"text-editor.default\">\n\t\t\t\t<div class=\"elementor-widget-container\">\n\t\t\t\t\t\t\t<p><span style=\"color: #0000ff;\"><strong><em><a style=\"color: #0000ff;\" href=\"http:\/\/galbanatuldenord.ro\/wp-content\/uploads\/2017\/08\/pg_4-7_CAP_I_Prezentarea_teritoriului_i_a_popula_i.pdf\" target=\"_blank\" rel=\"noopener\">Prezentarea teritoriului \u0219i a popula\u021biei acoperite &#8211; Analiza diagnostic<\/a><\/em><\/strong><\/span><\/p>\t\t\t\t\t\t<\/div>\n\t\t\t\t<\/div>\n\t\t\t\t\t<\/div>\n\t\t<\/div>\n\t\t\t\t\t<\/div>\n\t\t<\/section>\n\t\t\t\t<\/div>\n\t\t","protected":false},"excerpt":{"rendered":"<p>PREZENTAREA TERITORIULUI Microregiunea Banatul de Nord reprezint\u0103 un teritoriu constituit din 8 unit\u0103\u0163i\u00a0 administrativ &#8211; teritoriale situate pe teritoriul jude\u0163ului Timi\u015f. Din punct de vedere geografic reprezint\u0103 un spa\u021biu ce are la baz\u0103 cele dou\u0103 r\u00e2uri principale Timi\u015f \u015fi Bega, din nord-estul Banatului. POZITIONARE \u0218I RELIEF \u00cencadarea \u00een teritoriul na\u0163ional este una vestic\u0103, cu un [&hellip;]<\/p>\n","protected":false},"author":1,"featured_media":0,"parent":0,"menu_order":0,"comment_status":"closed","ping_status":"closed","template":"","meta":{"ocean_post_layout":"full-screen","ocean_both_sidebars_style":"","ocean_both_sidebars_content_width":0,"ocean_both_sidebars_sidebars_width":0,"ocean_sidebar":"0","ocean_second_sidebar":"0","ocean_disable_margins":"enable","ocean_add_body_class":"","ocean_shortcode_before_top_bar":"","ocean_shortcode_after_top_bar":"","ocean_shortcode_before_header":"","ocean_shortcode_after_header":"","ocean_has_shortcode":"","ocean_shortcode_after_title":"","ocean_shortcode_before_footer_widgets":"","ocean_shortcode_after_footer_widgets":"","ocean_shortcode_before_footer_bottom":"","ocean_shortcode_after_footer_bottom":"","ocean_display_top_bar":"default","ocean_display_header":"default","ocean_header_style":"","ocean_center_header_left_menu":"0","ocean_custom_header_template":"0","ocean_custom_logo":0,"ocean_custom_retina_logo":0,"ocean_custom_logo_max_width":0,"ocean_custom_logo_tablet_max_width":0,"ocean_custom_logo_mobile_max_width":0,"ocean_custom_logo_max_height":0,"ocean_custom_logo_tablet_max_height":0,"ocean_custom_logo_mobile_max_height":0,"ocean_header_custom_menu":"0","ocean_menu_typo_font_family":"0","ocean_menu_typo_font_subset":"","ocean_menu_typo_font_size":0,"ocean_menu_typo_font_size_tablet":0,"ocean_menu_typo_font_size_mobile":0,"ocean_menu_typo_font_size_unit":"px","ocean_menu_typo_font_weight":"","ocean_menu_typo_font_weight_tablet":"","ocean_menu_typo_font_weight_mobile":"","ocean_menu_typo_transform":"","ocean_menu_typo_transform_tablet":"","ocean_menu_typo_transform_mobile":"","ocean_menu_typo_line_height":0,"ocean_menu_typo_line_height_tablet":0,"ocean_menu_typo_line_height_mobile":0,"ocean_menu_typo_line_height_unit":"","ocean_menu_typo_spacing":0,"ocean_menu_typo_spacing_tablet":0,"ocean_menu_typo_spacing_mobile":0,"ocean_menu_typo_spacing_unit":"","ocean_menu_link_color":"","ocean_menu_link_color_hover":"","ocean_menu_link_color_active":"","ocean_menu_link_background":"","ocean_menu_link_hover_background":"","ocean_menu_link_active_background":"","ocean_menu_social_links_bg":"","ocean_menu_social_hover_links_bg":"","ocean_menu_social_links_color":"","ocean_menu_social_hover_links_color":"","ocean_disable_title":"default","ocean_disable_heading":"default","ocean_post_title":"","ocean_post_subheading":"","ocean_post_title_style":"","ocean_post_title_background_color":"","ocean_post_title_background":0,"ocean_post_title_bg_image_position":"","ocean_post_title_bg_image_attachment":"","ocean_post_title_bg_image_repeat":"","ocean_post_title_bg_image_size":"","ocean_post_title_height":0,"ocean_post_title_bg_overlay":0.5,"ocean_post_title_bg_overlay_color":"","ocean_disable_breadcrumbs":"default","ocean_breadcrumbs_color":"","ocean_breadcrumbs_separator_color":"","ocean_breadcrumbs_links_color":"","ocean_breadcrumbs_links_hover_color":"","ocean_display_footer_widgets":"default","ocean_display_footer_bottom":"default","ocean_custom_footer_template":"0","footnotes":""},"_links":{"self":[{"href":"https:\/\/galbanatuldenord.ro\/ex1\/wp-json\/wp\/v2\/pages\/64"}],"collection":[{"href":"https:\/\/galbanatuldenord.ro\/ex1\/wp-json\/wp\/v2\/pages"}],"about":[{"href":"https:\/\/galbanatuldenord.ro\/ex1\/wp-json\/wp\/v2\/types\/page"}],"author":[{"embeddable":true,"href":"https:\/\/galbanatuldenord.ro\/ex1\/wp-json\/wp\/v2\/users\/1"}],"replies":[{"embeddable":true,"href":"https:\/\/galbanatuldenord.ro\/ex1\/wp-json\/wp\/v2\/comments?post=64"}],"version-history":[{"count":20,"href":"https:\/\/galbanatuldenord.ro\/ex1\/wp-json\/wp\/v2\/pages\/64\/revisions"}],"predecessor-version":[{"id":790,"href":"https:\/\/galbanatuldenord.ro\/ex1\/wp-json\/wp\/v2\/pages\/64\/revisions\/790"}],"wp:attachment":[{"href":"https:\/\/galbanatuldenord.ro\/ex1\/wp-json\/wp\/v2\/media?parent=64"}],"curies":[{"name":"wp","href":"https:\/\/api.w.org\/{rel}","templated":true}]}}