{"id":84,"date":"2017-08-17T10:07:49","date_gmt":"2017-08-17T10:07:49","guid":{"rendered":"http:\/\/galbanatuldenord.ro\/?page_id=84"},"modified":"2018-10-04T14:28:36","modified_gmt":"2018-10-04T11:28:36","slug":"informari","status":"publish","type":"page","link":"https:\/\/galbanatuldenord.ro\/ex1\/informari\/","title":{"rendered":"Inform\u0103ri"},"content":{"rendered":"\t\t<div data-elementor-type=\"wp-post\" data-elementor-id=\"84\" class=\"elementor elementor-84 elementor-bc-flex-widget\" data-elementor-post-type=\"page\">\n\t\t\t\t\t\t<section class=\"elementor-section elementor-top-section elementor-element elementor-element-5c7b214 elementor-section-boxed elementor-section-height-default elementor-section-height-default\" data-id=\"5c7b214\" data-element_type=\"section\">\n\t\t\t\t\t\t<div class=\"elementor-container elementor-column-gap-default\">\n\t\t\t\t\t<div class=\"elementor-column elementor-col-100 elementor-top-column elementor-element elementor-element-613b774\" data-id=\"613b774\" data-element_type=\"column\">\n\t\t\t<div class=\"elementor-widget-wrap elementor-element-populated\">\n\t\t\t\t\t\t<div class=\"elementor-element elementor-element-e90a4b6 elementor-widget elementor-widget-text-editor\" data-id=\"e90a4b6\" data-element_type=\"widget\" data-widget_type=\"text-editor.default\">\n\t\t\t\t<div class=\"elementor-widget-container\">\n\t\t\t\t\t\t\t<h5><span style=\"text-decoration: underline;\">M\u0103sura 2\/2A &#8211; Solu\u021bii inovative pentru o agricultur\u0103 competitiv\u0103 \u00een teritoriul Banatul de Nord<\/span><\/h5><p><a href=\"http:\/\/galbanatuldenord.ro\/wp-content\/uploads\/2017\/12\/Anexa-nr.-5-Declaratie-privind-respectarea-regulii-de-cumul-a-ajutoarelor-de-stat-si-de-minimis.doc\">ANEXA NR. 5 &#8211; Declara\u021bie pe propria r\u0103spundere a solicitantului privind respectarea regulii de cumul a ajutoarelor de stat \u0219i a ajutoarelor de minimis<\/a><\/p><p><a href=\"http:\/\/galbanatuldenord.ro\/wp-content\/uploads\/2017\/12\/Anexa-nr.-6-Declaratie-privind-inregistrarea-proiectului-\u00een-cadrul-altei-m\u00a6suri-din-PNDR.docx\">Anexa nr. 6 &#8211; Declara\u021bie pe propria r\u0103spundere privind \u00eenregistrarea proiectului \u00een cadrul altei m\u0103suri din PNDR<\/a><\/p><p><a href=\"http:\/\/galbanatuldenord.ro\/wp-content\/uploads\/2017\/12\/Anexa-nr.-7-Angajament-propria-raspundere-privind-utilizarea-cofinantarii.doc\">Anexa nr. 7 &#8211; Angajament privind utilizarea cofinan\u021b\u0103rii private<\/a><\/p><p><a href=\"http:\/\/galbanatuldenord.ro\/wp-content\/uploads\/2017\/12\/Anexa-nr.-8-DECLARATIE-raportare-plati-efectuate-de-AFIR.docx\">Anexa nr. 8 &#8211; Declara\u021bie pe propria r\u0103spundere a beneficiarului de proiecte din cadrul Strategiei de Dezvoltare a GAL Banatul de Nord<\/a><\/p><p>\u00a0<\/p><h5><span style=\"text-decoration: underline;\">M\u0103sura 3\/6A &#8211; Dezvoltarea activit\u0103\u021bilor non-agricole \u00een teritoriul Banatul de Nord<\/span><\/h5><p><a href=\"http:\/\/galbanatuldenord.ro\/wp-content\/uploads\/2017\/12\/2.-Anexa-1-Plan-de-Afaceri-M-3_6A.doc\">Anexa nr. 1 &#8211; Plan de afaceri m\u0103sura 3\/6A<\/a><\/p><p><a href=\"http:\/\/galbanatuldenord.ro\/wp-content\/uploads\/2017\/12\/4.-Anexa-3-Declaratie-incadrare-in-categoria-IMM.doc\">Anexa nr. 3 &#8211; Model de declara\u021bie privind \u00eencadrarea \u00eentreprinderii \u00een categoria micro\u00eentreprinderi \u0219i \u00eentreprinderi mici<\/a><\/p><p><a href=\"http:\/\/galbanatuldenord.ro\/wp-content\/uploads\/2017\/12\/5.-Anexa-4-Declaratie-privind-respectarea-regulii-de-cumul-minimis_.doc\">Anexa nr. 4 &#8211; Declara\u021bie pe propria r\u0103spundere a solicitantului privind ajutoarele de minimis<\/a><\/p><p><a href=\"http:\/\/galbanatuldenord.ro\/wp-content\/uploads\/2017\/12\/6.-Anexa-5-Declaratia-cu-privire-la-neincadrarea-in-firme-in-dificultate.doc\">Anexa nr. 5 &#8211; Declara\u021bie pe propria r\u0103spundere cu privire la ne\u00eencadrarea \u00een \u201e\u00eentreprindere \u00een dificultate\u201d<\/a><\/p><p><a href=\"http:\/\/galbanatuldenord.ro\/wp-content\/uploads\/2017\/12\/7.-Anexa-6-Declaratie-ca-solicitantul-nu-a-beneficiat-de-servicii-de-consiliere-pe-M-02.doc\">Anexa nr. 6 &#8211; Declara\u021bie pe propria r\u0103spundere a solicitantului c\u0103 nu a beneficiat de servicii de consiliere prin M02<\/a><\/p><p>\u00a0<\/p><p>\u00a0<\/p>\t\t\t\t\t\t<\/div>\n\t\t\t\t<\/div>\n\t\t\t\t\t<\/div>\n\t\t<\/div>\n\t\t\t\t\t<\/div>\n\t\t<\/section>\n\t\t\t\t<\/div>\n\t\t","protected":false},"excerpt":{"rendered":"<p>M\u0103sura 2\/2A &#8211; Solu\u021bii inovative pentru o agricultur\u0103 competitiv\u0103 \u00een teritoriul Banatul de Nord ANEXA NR. 5 &#8211; Declara\u021bie pe propria r\u0103spundere a solicitantului privind respectarea regulii de cumul a ajutoarelor de stat \u0219i a ajutoarelor de minimis Anexa nr. 6 &#8211; Declara\u021bie pe propria r\u0103spundere privind \u00eenregistrarea proiectului \u00een cadrul altei m\u0103suri din PNDR [&hellip;]<\/p>\n","protected":false},"author":1,"featured_media":0,"parent":0,"menu_order":0,"comment_status":"closed","ping_status":"closed","template":"","meta":{"ocean_post_layout":"","ocean_both_sidebars_style":"","ocean_both_sidebars_content_width":0,"ocean_both_sidebars_sidebars_width":0,"ocean_sidebar":"","ocean_second_sidebar":"","ocean_disable_margins":"enable","ocean_add_body_class":"","ocean_shortcode_before_top_bar":"","ocean_shortcode_after_top_bar":"","ocean_shortcode_before_header":"","ocean_shortcode_after_header":"","ocean_has_shortcode":"","ocean_shortcode_after_title":"","ocean_shortcode_before_footer_widgets":"","ocean_shortcode_after_footer_widgets":"","ocean_shortcode_before_footer_bottom":"","ocean_shortcode_after_footer_bottom":"","ocean_display_top_bar":"default","ocean_display_header":"default","ocean_header_style":"","ocean_center_header_left_menu":"","ocean_custom_header_template":"","ocean_custom_logo":0,"ocean_custom_retina_logo":0,"ocean_custom_logo_max_width":0,"ocean_custom_logo_tablet_max_width":0,"ocean_custom_logo_mobile_max_width":0,"ocean_custom_logo_max_height":0,"ocean_custom_logo_tablet_max_height":0,"ocean_custom_logo_mobile_max_height":0,"ocean_header_custom_menu":"","ocean_menu_typo_font_family":"","ocean_menu_typo_font_subset":"","ocean_menu_typo_font_size":0,"ocean_menu_typo_font_size_tablet":0,"ocean_menu_typo_font_size_mobile":0,"ocean_menu_typo_font_size_unit":"px","ocean_menu_typo_font_weight":"","ocean_menu_typo_font_weight_tablet":"","ocean_menu_typo_font_weight_mobile":"","ocean_menu_typo_transform":"","ocean_menu_typo_transform_tablet":"","ocean_menu_typo_transform_mobile":"","ocean_menu_typo_line_height":0,"ocean_menu_typo_line_height_tablet":0,"ocean_menu_typo_line_height_mobile":0,"ocean_menu_typo_line_height_unit":"","ocean_menu_typo_spacing":0,"ocean_menu_typo_spacing_tablet":0,"ocean_menu_typo_spacing_mobile":0,"ocean_menu_typo_spacing_unit":"","ocean_menu_link_color":"","ocean_menu_link_color_hover":"","ocean_menu_link_color_active":"","ocean_menu_link_background":"","ocean_menu_link_hover_background":"","ocean_menu_link_active_background":"","ocean_menu_social_links_bg":"","ocean_menu_social_hover_links_bg":"","ocean_menu_social_links_color":"","ocean_menu_social_hover_links_color":"","ocean_disable_title":"default","ocean_disable_heading":"default","ocean_post_title":"","ocean_post_subheading":"","ocean_post_title_style":"","ocean_post_title_background_color":"","ocean_post_title_background":0,"ocean_post_title_bg_image_position":"","ocean_post_title_bg_image_attachment":"","ocean_post_title_bg_image_repeat":"","ocean_post_title_bg_image_size":"","ocean_post_title_height":0,"ocean_post_title_bg_overlay":0.5,"ocean_post_title_bg_overlay_color":"","ocean_disable_breadcrumbs":"default","ocean_breadcrumbs_color":"","ocean_breadcrumbs_separator_color":"","ocean_breadcrumbs_links_color":"","ocean_breadcrumbs_links_hover_color":"","ocean_display_footer_widgets":"default","ocean_display_footer_bottom":"default","ocean_custom_footer_template":"","footnotes":""},"_links":{"self":[{"href":"https:\/\/galbanatuldenord.ro\/ex1\/wp-json\/wp\/v2\/pages\/84"}],"collection":[{"href":"https:\/\/galbanatuldenord.ro\/ex1\/wp-json\/wp\/v2\/pages"}],"about":[{"href":"https:\/\/galbanatuldenord.ro\/ex1\/wp-json\/wp\/v2\/types\/page"}],"author":[{"embeddable":true,"href":"https:\/\/galbanatuldenord.ro\/ex1\/wp-json\/wp\/v2\/users\/1"}],"replies":[{"embeddable":true,"href":"https:\/\/galbanatuldenord.ro\/ex1\/wp-json\/wp\/v2\/comments?post=84"}],"version-history":[{"count":3,"href":"https:\/\/galbanatuldenord.ro\/ex1\/wp-json\/wp\/v2\/pages\/84\/revisions"}],"predecessor-version":[{"id":781,"href":"https:\/\/galbanatuldenord.ro\/ex1\/wp-json\/wp\/v2\/pages\/84\/revisions\/781"}],"wp:attachment":[{"href":"https:\/\/galbanatuldenord.ro\/ex1\/wp-json\/wp\/v2\/media?parent=84"}],"curies":[{"name":"wp","href":"https:\/\/api.w.org\/{rel}","templated":true}]}}