{"id":86,"date":"2017-08-17T10:08:02","date_gmt":"2017-08-17T10:08:02","guid":{"rendered":"http:\/\/galbanatuldenord.ro\/?page_id=86"},"modified":"2024-06-27T11:32:53","modified_gmt":"2024-06-27T08:32:53","slug":"rapoarte-masura-2-2a","status":"publish","type":"page","link":"https:\/\/galbanatuldenord.ro\/ex1\/rapoarte-masura-2-2a\/","title":{"rendered":"Rapoarte M\u0103sura 2\/2A"},"content":{"rendered":"\t\t<div data-elementor-type=\"wp-post\" data-elementor-id=\"86\" class=\"elementor elementor-86\" data-elementor-post-type=\"page\">\n\t\t\t\t\t\t<section class=\"elementor-section elementor-top-section elementor-element elementor-element-aa7515d elementor-section-boxed elementor-section-height-default elementor-section-height-default\" data-id=\"aa7515d\" data-element_type=\"section\">\n\t\t\t\t\t\t<div class=\"elementor-container elementor-column-gap-default\">\n\t\t\t\t\t<div class=\"elementor-column elementor-col-100 elementor-top-column elementor-element elementor-element-6ca861b\" data-id=\"6ca861b\" data-element_type=\"column\">\n\t\t\t<div class=\"elementor-widget-wrap elementor-element-populated\">\n\t\t\t\t\t\t<div class=\"elementor-element elementor-element-f6b8453 elementor-widget elementor-widget-text-editor\" data-id=\"f6b8453\" data-element_type=\"widget\" data-widget_type=\"text-editor.default\">\n\t\t\t\t<div class=\"elementor-widget-container\">\n\t\t\t\t\t\t\t<p><a href=\"https:\/\/galbanatuldenord.ro\/ex1\/wp-content\/uploads\/2024\/06\/RAPORT-DE-SELECTIE-FINAL-M-2A-feb-2024.pdf\">RAPORT DE SELEC\u021aIE FINAL M 2A feb 2024<\/a><\/p>\t\t\t\t\t\t<\/div>\n\t\t\t\t<\/div>\n\t\t\t\t\t<\/div>\n\t\t<\/div>\n\t\t\t\t\t<\/div>\n\t\t<\/section>\n\t\t\t\t<section class=\"elementor-section elementor-top-section elementor-element elementor-element-r8cix4g elementor-section-boxed elementor-section-height-default elementor-section-height-default\" data-id=\"r8cix4g\" data-element_type=\"section\">\n\t\t\t\t\t\t<div class=\"elementor-container elementor-column-gap-default\">\n\t\t\t\t\t<div class=\"elementor-column elementor-col-100 elementor-top-column elementor-element elementor-element-fngxzyi\" data-id=\"fngxzyi\" data-element_type=\"column\">\n\t\t\t<div class=\"elementor-widget-wrap elementor-element-populated\">\n\t\t\t\t\t\t<div class=\"elementor-element elementor-element-fxyopcf elementor-widget elementor-widget-text-editor\" data-id=\"fxyopcf\" data-element_type=\"widget\" data-widget_type=\"text-editor.default\">\n\t\t\t\t<div class=\"elementor-widget-container\">\n\t\t\t\t\t\t\t<p><a href=\"http:\/\/galbanatuldenord.ro\/wp-content\/uploads\/2018\/10\/raport-de-selectie-final-a-proiectelor-masura22a-5102018.pdf\">Raport de selec\u021bie final\u0103 a proiectelor &#8211; M\u0103sura 2\/2A \u201eSolu\u021bii inovative pentru o agricultur\u0103 competitiv\u0103 \u00een teritoriul Banatul de Nord\u201d &#8211; 5.10.2018<\/a><\/p><p><a href=\"http:\/\/galbanatuldenord.ro\/wp-content\/uploads\/2018\/10\/Raport-evaluare-M22A.pdf\">Raport de evaluare a proiectelor &#8211; M\u0103sura 2\/2A \u201eSolu\u021bii inovative pentru o agricultur\u0103 competitiv\u0103 \u00een teritoriul Banatul de Nord &#8211; 21.09.2018<\/a><\/p><p><a href=\"http:\/\/galbanatuldenord.ro\/wp-content\/uploads\/2020\/06\/adresa-lipsa-proiecte-M2.pdf\">Adres\u0103 lips\u0103 proiecte &#8211; 02.02.2018<\/a><\/p>\t\t\t\t\t\t<\/div>\n\t\t\t\t<\/div>\n\t\t\t\t\t<\/div>\n\t\t<\/div>\n\t\t\t\t\t<\/div>\n\t\t<\/section>\n\t\t\t\t<\/div>\n\t\t","protected":false},"excerpt":{"rendered":"<p>RAPORT DE SELEC\u021aIE FINAL M 2A feb 2024 Raport de selec\u021bie final\u0103 a proiectelor &#8211; M\u0103sura 2\/2A \u201eSolu\u021bii inovative pentru o agricultur\u0103 competitiv\u0103 \u00een teritoriul Banatul de Nord\u201d &#8211; 5.10.2018 Raport de evaluare a proiectelor &#8211; M\u0103sura 2\/2A \u201eSolu\u021bii inovative pentru o agricultur\u0103 competitiv\u0103 \u00een teritoriul Banatul de Nord &#8211; 21.09.2018 Adres\u0103 lips\u0103 proiecte &#8211; [&hellip;]<\/p>\n","protected":false},"author":1,"featured_media":0,"parent":0,"menu_order":0,"comment_status":"closed","ping_status":"closed","template":"","meta":{"ocean_post_layout":"","ocean_both_sidebars_style":"","ocean_both_sidebars_content_width":0,"ocean_both_sidebars_sidebars_width":0,"ocean_sidebar":"0","ocean_second_sidebar":"0","ocean_disable_margins":"enable","ocean_add_body_class":"","ocean_shortcode_before_top_bar":"","ocean_shortcode_after_top_bar":"","ocean_shortcode_before_header":"","ocean_shortcode_after_header":"","ocean_has_shortcode":"","ocean_shortcode_after_title":"","ocean_shortcode_before_footer_widgets":"","ocean_shortcode_after_footer_widgets":"","ocean_shortcode_before_footer_bottom":"","ocean_shortcode_after_footer_bottom":"","ocean_display_top_bar":"default","ocean_display_header":"default","ocean_header_style":"","ocean_center_header_left_menu":"0","ocean_custom_header_template":"0","ocean_custom_logo":0,"ocean_custom_retina_logo":0,"ocean_custom_logo_max_width":0,"ocean_custom_logo_tablet_max_width":0,"ocean_custom_logo_mobile_max_width":0,"ocean_custom_logo_max_height":0,"ocean_custom_logo_tablet_max_height":0,"ocean_custom_logo_mobile_max_height":0,"ocean_header_custom_menu":"0","ocean_menu_typo_font_family":"0","ocean_menu_typo_font_subset":"","ocean_menu_typo_font_size":0,"ocean_menu_typo_font_size_tablet":0,"ocean_menu_typo_font_size_mobile":0,"ocean_menu_typo_font_size_unit":"px","ocean_menu_typo_font_weight":"","ocean_menu_typo_font_weight_tablet":"","ocean_menu_typo_font_weight_mobile":"","ocean_menu_typo_transform":"","ocean_menu_typo_transform_tablet":"","ocean_menu_typo_transform_mobile":"","ocean_menu_typo_line_height":0,"ocean_menu_typo_line_height_tablet":0,"ocean_menu_typo_line_height_mobile":0,"ocean_menu_typo_line_height_unit":"","ocean_menu_typo_spacing":0,"ocean_menu_typo_spacing_tablet":0,"ocean_menu_typo_spacing_mobile":0,"ocean_menu_typo_spacing_unit":"","ocean_menu_link_color":"","ocean_menu_link_color_hover":"","ocean_menu_link_color_active":"","ocean_menu_link_background":"","ocean_menu_link_hover_background":"","ocean_menu_link_active_background":"","ocean_menu_social_links_bg":"","ocean_menu_social_hover_links_bg":"","ocean_menu_social_links_color":"","ocean_menu_social_hover_links_color":"","ocean_disable_title":"default","ocean_disable_heading":"default","ocean_post_title":"","ocean_post_subheading":"","ocean_post_title_style":"","ocean_post_title_background_color":"","ocean_post_title_background":0,"ocean_post_title_bg_image_position":"","ocean_post_title_bg_image_attachment":"","ocean_post_title_bg_image_repeat":"","ocean_post_title_bg_image_size":"","ocean_post_title_height":0,"ocean_post_title_bg_overlay":0.5,"ocean_post_title_bg_overlay_color":"","ocean_disable_breadcrumbs":"default","ocean_breadcrumbs_color":"","ocean_breadcrumbs_separator_color":"","ocean_breadcrumbs_links_color":"","ocean_breadcrumbs_links_hover_color":"","ocean_display_footer_widgets":"default","ocean_display_footer_bottom":"default","ocean_custom_footer_template":"0","footnotes":""},"_links":{"self":[{"href":"https:\/\/galbanatuldenord.ro\/ex1\/wp-json\/wp\/v2\/pages\/86"}],"collection":[{"href":"https:\/\/galbanatuldenord.ro\/ex1\/wp-json\/wp\/v2\/pages"}],"about":[{"href":"https:\/\/galbanatuldenord.ro\/ex1\/wp-json\/wp\/v2\/types\/page"}],"author":[{"embeddable":true,"href":"https:\/\/galbanatuldenord.ro\/ex1\/wp-json\/wp\/v2\/users\/1"}],"replies":[{"embeddable":true,"href":"https:\/\/galbanatuldenord.ro\/ex1\/wp-json\/wp\/v2\/comments?post=86"}],"version-history":[{"count":23,"href":"https:\/\/galbanatuldenord.ro\/ex1\/wp-json\/wp\/v2\/pages\/86\/revisions"}],"predecessor-version":[{"id":1823,"href":"https:\/\/galbanatuldenord.ro\/ex1\/wp-json\/wp\/v2\/pages\/86\/revisions\/1823"}],"wp:attachment":[{"href":"https:\/\/galbanatuldenord.ro\/ex1\/wp-json\/wp\/v2\/media?parent=86"}],"curies":[{"name":"wp","href":"https:\/\/api.w.org\/{rel}","templated":true}]}}